{"id":4973,"date":"2025-10-17T17:47:04","date_gmt":"2025-10-17T17:47:04","guid":{"rendered":"https:\/\/xostorebrand.com\/ueber-uns\/"},"modified":"2025-12-22T05:00:24","modified_gmt":"2025-12-22T05:00:24","slug":"about-us","status":"publish","type":"page","link":"https:\/\/xostorebrand.com\/de\/about-us\/","title":{"rendered":"\u00dcber uns"},"content":{"rendered":"\t\t<div data-elementor-type=\"wp-page\" data-elementor-id=\"4973\" class=\"elementor elementor-4973 elementor-2637\" data-elementor-post-type=\"page\">\n\t\t\t\t<div class=\"elementor-element elementor-element-5ee7a41 e-flex e-con-boxed e-con e-parent\" data-id=\"5ee7a41\" data-element_type=\"container\" data-e-type=\"container\">\n\t\t\t\t\t<div class=\"e-con-inner\">\n\t\t<div class=\"elementor-element elementor-element-bf83826 e-grid e-con-full e-con e-child\" data-id=\"bf83826\" data-element_type=\"container\" data-e-type=\"container\">\n\t\t<div class=\"elementor-element elementor-element-8649f65 e-flex e-con-boxed e-con e-child\" data-id=\"8649f65\" data-element_type=\"container\" data-e-type=\"container\">\n\t\t\t\t\t<div class=\"e-con-inner\">\n\t\t\t\t<div class=\"elementor-element elementor-element-5280137 elementor-widget elementor-widget-heading\" data-id=\"5280137\" data-element_type=\"widget\" data-e-type=\"widget\" data-widget_type=\"heading.default\">\n\t\t\t\t\t<h1 class=\"elementor-heading-title elementor-size-default\">\u00dcber uns<\/h1>\t\t\t\t<\/div>\n\t\t\t\t<div class=\"elementor-element elementor-element-e488189 elementor-widget elementor-widget-text-editor\" data-id=\"e488189\" data-element_type=\"widget\" data-e-type=\"widget\" data-widget_type=\"text-editor.default\">\n\t\t\t\t\t\t\t\t\tWillkommen bei XO STORE BRAND\t\t\t\t\t\t\t\t<\/div>\n\t\t\t\t<div class=\"elementor-element elementor-element-355650b elementor-widget elementor-widget-text-editor\" data-id=\"355650b\" data-element_type=\"widget\" data-e-type=\"widget\" data-widget_type=\"text-editor.default\">\n\t\t\t\t\t\t\t\t\t<p>Bei XO STORE BRAND bieten wir eine einzigartige Kollektion an Markenkleidung, Accessoires, Schuhen und Taschen. Unsere Mission ist es, Trendsettern die neuesten Neuheiten und zeitlose Klassiker von renommierten Designern aus aller Welt anzubieten.<\/p><p>Jedes Produkt in unserem Shop wird sorgf\u00e4ltig ausgew\u00e4hlt, um den h\u00f6chsten Standards an Stil und Qualit\u00e4t zu entsprechen. Egal, ob du ein Statement-Piece oder ein vielseitiges Garderoben-Essential suchst, XO STORE BRAND hat etwas f\u00fcr jeden Anlass.<\/p><p>Entdecke deinen einzigartigen Stil und genie\u00dfe ein unvergleichliches Einkaufserlebnis. Setze neue Ma\u00dfst\u00e4be in der Mode mit XO STORE BRAND \u2013 wo Luxus auf allt\u00e4gliche Eleganz trifft.<\/p>\t\t\t\t\t\t\t\t<\/div>\n\t\t\t\t<div class=\"elementor-element elementor-element-68572ce elementor-tablet-align-center elementor-mobile-align-justify elementor-align-left elementor-widget elementor-widget-button\" data-id=\"68572ce\" data-element_type=\"widget\" data-e-type=\"widget\" data-widget_type=\"button.default\">\n\t\t\t\t\t\t\t\t\t\t<a class=\"elementor-button elementor-button-link elementor-size-sm\" href=\"https:\/\/xostorebrand.com\/sklep\">\n\t\t\t\t\t\t<span class=\"elementor-button-content-wrapper\">\n\t\t\t\t\t\t\t\t\t<span class=\"elementor-button-text\">Angebot pr\u00fcfen<\/span>\n\t\t\t\t\t<\/span>\n\t\t\t\t\t<\/a>\n\t\t\t\t\t\t\t\t<\/div>\n\t\t\t\t\t<\/div>\n\t\t\t\t<\/div>\n\t\t\t\t<div class=\"elementor-element elementor-element-6a88f9c elementor-widget elementor-widget-image\" data-id=\"6a88f9c\" data-element_type=\"widget\" data-e-type=\"widget\" data-widget_type=\"image.default\">\n\t\t\t\t\t\t\t\t\t\t\t\t\t\t\t<img decoding=\"async\" src=\"https:\/\/xostorebrand.com\/wp-content\/uploads\/2025\/12\/IMG_3441.jpg\" title=\"IMG_3441\" alt=\"IMG_3441\" loading=\"lazy\" \/>\t\t\t\t\t\t\t\t\t\t\t\t\t\t\t<\/div>\n\t\t\t\t<\/div>\n\t\t\t\t\t<\/div>\n\t\t\t\t<\/div>\n\t\t<div class=\"elementor-element elementor-element-99911ea e-flex e-con-boxed e-con e-parent\" data-id=\"99911ea\" data-element_type=\"container\" data-e-type=\"container\">\n\t\t\t\t\t<div class=\"e-con-inner\">\n\t\t\t\t<div class=\"elementor-element elementor-element-1a9741a elementor-widget elementor-widget-text-editor\" data-id=\"1a9741a\" data-element_type=\"widget\" data-e-type=\"widget\" data-widget_type=\"text-editor.default\">\n\t\t\t\t\t\t\t\t\t<p>\t\t<div data-elementor-type=\"section\" data-elementor-id=\"5051\" class=\"elementor elementor-5051 elementor-2571\" data-elementor-post-type=\"elementor_library\">\n\t\t\t<div class=\"elementor-element elementor-element-39daf7a5 e-con-full contacts-form e-flex e-con e-parent\" data-id=\"39daf7a5\" data-element_type=\"container\" data-e-type=\"container\" data-settings=\"{&quot;background_background&quot;:&quot;classic&quot;}\">\n\t\t<div class=\"elementor-element elementor-element-46d2979a e-grid e-con-boxed e-con e-child\" data-id=\"46d2979a\" data-element_type=\"container\" data-e-type=\"container\">\n\t\t\t\t\t<div class=\"e-con-inner\">\n\t\t\t\t<div class=\"elementor-element elementor-element-49f73ea5 elementor-widget elementor-widget-image\" data-id=\"49f73ea5\" data-element_type=\"widget\" data-e-type=\"widget\" data-widget_type=\"image.default\">\n\t\t\t\t\t\t\t\t\t\t\t\t\t\t\t<img fetchpriority=\"high\" decoding=\"async\" width=\"1200\" height=\"1500\" src=\"https:\/\/xostorebrand.com\/wp-content\/uploads\/2025\/10\/contact-1-8x10.webp\" class=\"attachment-full size-full wp-image-46530 lazyload lazyload-lqip et-lazyload-fadeIn\" alt=\"\" sizes=\"(max-width: 1200px) 100vw, 1200px\" data-src=\"https:\/\/xostorebrand.com\/wp-content\/uploads\/2025\/10\/contact-1.webp\" data-srcset=\"https:\/\/xostorebrand.com\/wp-content\/uploads\/2025\/10\/contact-1.webp 1200w, https:\/\/xostorebrand.com\/wp-content\/uploads\/2025\/10\/contact-1-240x300.webp 240w, https:\/\/xostorebrand.com\/wp-content\/uploads\/2025\/10\/contact-1-819x1024.webp 819w, https:\/\/xostorebrand.com\/wp-content\/uploads\/2025\/10\/contact-1-768x960.webp 768w, https:\/\/xostorebrand.com\/wp-content\/uploads\/2025\/10\/contact-1-346x433.webp 346w, https:\/\/xostorebrand.com\/wp-content\/uploads\/2025\/10\/contact-1-2x3.webp 2w, https:\/\/xostorebrand.com\/wp-content\/uploads\/2025\/10\/contact-1-8x10.webp 8w\" srcset=\"https:\/\/xostorebrand.com\/wp-content\/uploads\/2025\/10\/contact-1-8x10.webp 8w, https:\/\/xostorebrand.com\/wp-content\/uploads\/2025\/10\/contact-1-240x300.webp 240w, https:\/\/xostorebrand.com\/wp-content\/uploads\/2025\/10\/contact-1-819x1024.webp 819w, https:\/\/xostorebrand.com\/wp-content\/uploads\/2025\/10\/contact-1-768x960.webp 768w, https:\/\/xostorebrand.com\/wp-content\/uploads\/2025\/10\/contact-1-346x433.webp 346w, https:\/\/xostorebrand.com\/wp-content\/uploads\/2025\/10\/contact-1-2x3.webp 2w, https:\/\/xostorebrand.com\/wp-content\/uploads\/2025\/10\/contact-1.webp 1200w\" \/>\t\t\t\t\t\t\t\t\t\t\t\t\t\t\t<\/div>\n\t\t<div class=\"elementor-element elementor-element-8ff7ffc e-con-full e-flex e-con e-child\" data-id=\"8ff7ffc\" data-element_type=\"container\" data-e-type=\"container\">\n\t\t\t\t<div class=\"elementor-element elementor-element-44eb3ff elementor-widget elementor-widget-text-editor\" data-id=\"44eb3ff\" data-element_type=\"widget\" data-e-type=\"widget\" data-widget_type=\"text-editor.default\">\n\t\t\t\t\t\t\t\t\t<p>\t\t<div class=\"zbscrmFrontEndForm\" id=\"zbs_form_5\">\n\t\t\t<div id=\"zbs_form_ajax_action\" data-zbsformajax=\"https:\/\/xostorebrand.com\/wp-admin\/admin-ajax.php\"><\/div>\n\t\t\t<div class=\"embed\">\n\t\t\t\t<div class=\"cgrab\" style=\"border:0 !important\">\n\t\t\t\t\t<div class=\"content\">\n\t\t\t\t\t\t<h1>Ihre Meinung ist uns wichtig.<\/h1>\n\t\t\t\t\t\t<h3>Teilen Sie Ihr Feedback mit uns und helfen Sie uns, Ihr Einkaufserlebnis zu verbessern.<\/h3>\n\t\t\t\t\t\t<div class=\"form-wrapper zbsFormWrap\">\n\t\t\t\t\t\t\t<input class=\"input\" type=\"text\" id=\"zbs_fname\" name=\"zbs_fname\" placeholder=\"Vorname\" value=\"\"\/>\n\t\t\t\t\t\t\t<input class=\"input\" type=\"text\" id=\"zbs_lname\" name=\"zbs_lname\" placeholder=\"Ihr Nachname\" value=\"\"\/>\n\t\t\t\t\t\t\t<input class=\"input\" type=\"text\" id=\"zbs_email\" name=\"zbs_email\" placeholder=\"E-Mail*\" value=\"\"\/>\n\t\t\t\t\t\t\t<textarea class=\"textarea\" id=\"zbs_notes\" name=\"zbs_notes\" placeholder=\"Deine Nachricht\"><\/textarea>\n\t\t\t\t\t\t\t<input class=\"input\" type=\"hidden\" id=\"zbs_hpot_email\" name=\"zbs_hpot_email\" value=\"\"\/>\n\t\t\t\t\t\t\t<input class=\"input\" type=\"hidden\" class=\"zbs_form_view_id\" id=\"zbs_form_view_id\" name=\"zbs_form_id\" value=\"5\" \/>\n\t\t\t\t\t\t\t<input class=\"input\" type=\"hidden\" id=\"zbs_form_style\" name=\"zbs_form_style\" value=\"zbs_cgrab\" \/>\n\t\t\t\t\t\t\t<input type=\"hidden\" name=\"action\" value=\"zbs_lead_form\">\n\t\t\t\t\t\t\t\t\t\t\t\t\t\t<input class=\"send\" type=\"submit\" value=\"Senden\"\/>\n\t\t\t\t\t\t\t<div class=\"clear\"><\/div>\n\t\t\t\t\t\t\t<div class=\"trailer\">Wir senden dir keinen Spam. Unser Team meldet sich innerhalb von 24 bis 48 Stunden Mo-Fr (oft aber viel schneller). <\/div>\n\t\t\t\t\t\t<\/div>\n\t\t\t\t\t\t<div class=\"zbsForm_success\">Danke. Wir melden uns bei dir. <\/div>\n\t\t\t\t\t\t\t\t\t\t\t<\/div>\n\t\t\t\t<\/div>\n\t\t\t<\/div>\n\t\t<\/div>\n\t<\/p>\t\t\t\t\t\t\t\t<\/div>\n\t\t\t\t<\/div>\n\t\t\t\t\t<\/div>\n\t\t\t\t<\/div>\n\t\t\t\t<\/div>\n\t\t\t\t<\/div>\n\t\t<\/p>\t\t\t\t\t\t\t\t<\/div>\n\t\t\t\t\t<\/div>\n\t\t\t\t<\/div>\n\t\t\t\t<\/div>\n\t\t","protected":false},"excerpt":{"rendered":"<p>\u00dcber uns Willkommen bei XO STORE BRAND Bei XO STORE BRAND bieten wir eine einzigartige Kollektion an Markenkleidung, Accessoires, Schuhen und Taschen. Unsere Mission ist&#8230;<\/p>\n","protected":false},"author":1,"featured_media":0,"parent":0,"menu_order":0,"comment_status":"closed","ping_status":"closed","template":"","meta":{"footnotes":""},"class_list":["post-4973","page","type-page","status-publish","hentry"],"yoast_head":"<!-- This site is optimized with the Yoast SEO plugin v26.9 - https:\/\/yoast.com\/product\/yoast-seo-wordpress\/ -->\n<title>\u00dcber uns - XO STORE BRAND \u2014 exklusive Premium-Mode<\/title>\n<meta name=\"robots\" content=\"index, follow, max-snippet:-1, max-image-preview:large, max-video-preview:-1\" \/>\n<link rel=\"canonical\" href=\"https:\/\/xostorebrand.com\/de\/about-us\/\" \/>\n<meta property=\"og:locale\" content=\"de_DE\" \/>\n<meta property=\"og:type\" content=\"article\" \/>\n<meta property=\"og:title\" content=\"\u00dcber uns - XO STORE BRAND \u2014 exklusive Premium-Mode\" \/>\n<meta property=\"og:description\" content=\"\u00dcber uns Willkommen bei XO STORE BRAND Bei XO STORE BRAND bieten wir eine einzigartige Kollektion an Markenkleidung, Accessoires, Schuhen und Taschen. Unsere Mission ist...\" \/>\n<meta property=\"og:url\" content=\"https:\/\/xostorebrand.com\/de\/about-us\/\" \/>\n<meta property=\"og:site_name\" content=\"XO STORE BRAND \u2014 exklusive Premium-Mode\" \/>\n<meta property=\"article:modified_time\" content=\"2025-12-22T05:00:24+00:00\" \/>\n<meta property=\"og:image\" content=\"https:\/\/xostorebrand.com\/wp-content\/uploads\/2025\/12\/IMG_3441.jpg\" \/>\n<meta name=\"twitter:card\" content=\"summary_large_image\" \/>\n<meta name=\"twitter:label1\" content=\"Gesch\u00e4tzte Lesezeit\" \/>\n\t<meta name=\"twitter:data1\" content=\"2\u00a0Minuten\" \/>\n<script type=\"application\/ld+json\" class=\"yoast-schema-graph\">{\"@context\":\"https:\/\/schema.org\",\"@graph\":[{\"@type\":\"WebPage\",\"@id\":\"https:\/\/xostorebrand.com\/de\/about-us\/\",\"url\":\"https:\/\/xostorebrand.com\/de\/about-us\/\",\"name\":\"\u00dcber uns - XO STORE BRAND \u2014 exklusive Premium-Mode\",\"isPartOf\":{\"@id\":\"https:\/\/xostorebrand.com\/de\/#website\"},\"primaryImageOfPage\":{\"@id\":\"https:\/\/xostorebrand.com\/de\/about-us\/#primaryimage\"},\"image\":{\"@id\":\"https:\/\/xostorebrand.com\/de\/about-us\/#primaryimage\"},\"thumbnailUrl\":\"https:\/\/xostorebrand.com\/wp-content\/uploads\/2025\/12\/IMG_3441.jpg\",\"datePublished\":\"2025-10-17T17:47:04+00:00\",\"dateModified\":\"2025-12-22T05:00:24+00:00\",\"breadcrumb\":{\"@id\":\"https:\/\/xostorebrand.com\/de\/about-us\/#breadcrumb\"},\"inLanguage\":\"de\",\"potentialAction\":[{\"@type\":\"ReadAction\",\"target\":[\"https:\/\/xostorebrand.com\/de\/about-us\/\"]}]},{\"@type\":\"ImageObject\",\"inLanguage\":\"de\",\"@id\":\"https:\/\/xostorebrand.com\/de\/about-us\/#primaryimage\",\"url\":\"https:\/\/xostorebrand.com\/wp-content\/uploads\/2025\/12\/IMG_3441.jpg\",\"contentUrl\":\"https:\/\/xostorebrand.com\/wp-content\/uploads\/2025\/12\/IMG_3441.jpg\"},{\"@type\":\"BreadcrumbList\",\"@id\":\"https:\/\/xostorebrand.com\/de\/about-us\/#breadcrumb\",\"itemListElement\":[{\"@type\":\"ListItem\",\"position\":1,\"name\":\"Strona g\u0142\u00f3wna\",\"item\":\"https:\/\/xostorebrand.com\/de\/\"},{\"@type\":\"ListItem\",\"position\":2,\"name\":\"\u00dcber uns\"}]},{\"@type\":\"WebSite\",\"@id\":\"https:\/\/xostorebrand.com\/de\/#website\",\"url\":\"https:\/\/xostorebrand.com\/de\/\",\"name\":\"XO STORE BRAND \u2014 ekskluzywna moda premium\",\"description\":\"\",\"publisher\":{\"@id\":\"https:\/\/xostorebrand.com\/de\/#organization\"},\"alternateName\":\"Sklep z starannie wyselekcjonowan\u0105 odzie\u017c\u0105, obuwiem, akcesoriami i torbami od topowych \u015bwiatowych projektant\u00f3w.\",\"potentialAction\":[{\"@type\":\"SearchAction\",\"target\":{\"@type\":\"EntryPoint\",\"urlTemplate\":\"https:\/\/xostorebrand.com\/de\/?s={search_term_string}\"},\"query-input\":{\"@type\":\"PropertyValueSpecification\",\"valueRequired\":true,\"valueName\":\"search_term_string\"}}],\"inLanguage\":\"de\"},{\"@type\":\"Organization\",\"@id\":\"https:\/\/xostorebrand.com\/de\/#organization\",\"name\":\"XO STORE BRAND \u2014 exklusive Premium-Mode\",\"url\":\"https:\/\/xostorebrand.com\/de\/\",\"logo\":{\"@type\":\"ImageObject\",\"inLanguage\":\"de\",\"@id\":\"https:\/\/xostorebrand.com\/de\/#\/schema\/logo\/image\/\",\"url\":\"https:\/\/xostorebrand.com\/wp-content\/uploads\/2025\/12\/IMG_3441.jpg\",\"contentUrl\":\"https:\/\/xostorebrand.com\/wp-content\/uploads\/2025\/12\/IMG_3441.jpg\",\"width\":1170,\"height\":1169,\"caption\":\"XO STORE BRAND \u2014 exklusive Premium-Mode\"},\"image\":{\"@id\":\"https:\/\/xostorebrand.com\/de\/#\/schema\/logo\/image\/\"}}]}<\/script>\n<!-- \/ Yoast SEO plugin. -->","yoast_head_json":{"title":"\u00dcber uns - XO STORE BRAND \u2014 exklusive Premium-Mode","robots":{"index":"index","follow":"follow","max-snippet":"max-snippet:-1","max-image-preview":"max-image-preview:large","max-video-preview":"max-video-preview:-1"},"canonical":"https:\/\/xostorebrand.com\/de\/about-us\/","og_locale":"de_DE","og_type":"article","og_title":"\u00dcber uns - XO STORE BRAND \u2014 exklusive Premium-Mode","og_description":"\u00dcber uns Willkommen bei XO STORE BRAND Bei XO STORE BRAND bieten wir eine einzigartige Kollektion an Markenkleidung, Accessoires, Schuhen und Taschen. Unsere Mission ist...","og_url":"https:\/\/xostorebrand.com\/de\/about-us\/","og_site_name":"XO STORE BRAND \u2014 exklusive Premium-Mode","article_modified_time":"2025-12-22T05:00:24+00:00","og_image":[{"url":"https:\/\/xostorebrand.com\/wp-content\/uploads\/2025\/12\/IMG_3441.jpg","type":"","width":"","height":""}],"twitter_card":"summary_large_image","twitter_misc":{"Gesch\u00e4tzte Lesezeit":"2\u00a0Minuten"},"schema":{"@context":"https:\/\/schema.org","@graph":[{"@type":"WebPage","@id":"https:\/\/xostorebrand.com\/de\/about-us\/","url":"https:\/\/xostorebrand.com\/de\/about-us\/","name":"\u00dcber uns - XO STORE BRAND \u2014 exklusive Premium-Mode","isPartOf":{"@id":"https:\/\/xostorebrand.com\/de\/#website"},"primaryImageOfPage":{"@id":"https:\/\/xostorebrand.com\/de\/about-us\/#primaryimage"},"image":{"@id":"https:\/\/xostorebrand.com\/de\/about-us\/#primaryimage"},"thumbnailUrl":"https:\/\/xostorebrand.com\/wp-content\/uploads\/2025\/12\/IMG_3441.jpg","datePublished":"2025-10-17T17:47:04+00:00","dateModified":"2025-12-22T05:00:24+00:00","breadcrumb":{"@id":"https:\/\/xostorebrand.com\/de\/about-us\/#breadcrumb"},"inLanguage":"de","potentialAction":[{"@type":"ReadAction","target":["https:\/\/xostorebrand.com\/de\/about-us\/"]}]},{"@type":"ImageObject","inLanguage":"de","@id":"https:\/\/xostorebrand.com\/de\/about-us\/#primaryimage","url":"https:\/\/xostorebrand.com\/wp-content\/uploads\/2025\/12\/IMG_3441.jpg","contentUrl":"https:\/\/xostorebrand.com\/wp-content\/uploads\/2025\/12\/IMG_3441.jpg"},{"@type":"BreadcrumbList","@id":"https:\/\/xostorebrand.com\/de\/about-us\/#breadcrumb","itemListElement":[{"@type":"ListItem","position":1,"name":"Strona g\u0142\u00f3wna","item":"https:\/\/xostorebrand.com\/de\/"},{"@type":"ListItem","position":2,"name":"\u00dcber uns"}]},{"@type":"WebSite","@id":"https:\/\/xostorebrand.com\/de\/#website","url":"https:\/\/xostorebrand.com\/de\/","name":"XO STORE BRAND \u2014 ekskluzywna moda premium","description":"","publisher":{"@id":"https:\/\/xostorebrand.com\/de\/#organization"},"alternateName":"Sklep z starannie wyselekcjonowan\u0105 odzie\u017c\u0105, obuwiem, akcesoriami i torbami od topowych \u015bwiatowych projektant\u00f3w.","potentialAction":[{"@type":"SearchAction","target":{"@type":"EntryPoint","urlTemplate":"https:\/\/xostorebrand.com\/de\/?s={search_term_string}"},"query-input":{"@type":"PropertyValueSpecification","valueRequired":true,"valueName":"search_term_string"}}],"inLanguage":"de"},{"@type":"Organization","@id":"https:\/\/xostorebrand.com\/de\/#organization","name":"XO STORE BRAND \u2014 exklusive Premium-Mode","url":"https:\/\/xostorebrand.com\/de\/","logo":{"@type":"ImageObject","inLanguage":"de","@id":"https:\/\/xostorebrand.com\/de\/#\/schema\/logo\/image\/","url":"https:\/\/xostorebrand.com\/wp-content\/uploads\/2025\/12\/IMG_3441.jpg","contentUrl":"https:\/\/xostorebrand.com\/wp-content\/uploads\/2025\/12\/IMG_3441.jpg","width":1170,"height":1169,"caption":"XO STORE BRAND \u2014 exklusive Premium-Mode"},"image":{"@id":"https:\/\/xostorebrand.com\/de\/#\/schema\/logo\/image\/"}}]}},"jetpack_sharing_enabled":true,"_links":{"self":[{"href":"https:\/\/xostorebrand.com\/de\/wp-json\/wp\/v2\/pages\/4973","targetHints":{"allow":["GET"]}}],"collection":[{"href":"https:\/\/xostorebrand.com\/de\/wp-json\/wp\/v2\/pages"}],"about":[{"href":"https:\/\/xostorebrand.com\/de\/wp-json\/wp\/v2\/types\/page"}],"author":[{"embeddable":true,"href":"https:\/\/xostorebrand.com\/de\/wp-json\/wp\/v2\/users\/1"}],"replies":[{"embeddable":true,"href":"https:\/\/xostorebrand.com\/de\/wp-json\/wp\/v2\/comments?post=4973"}],"version-history":[{"count":24,"href":"https:\/\/xostorebrand.com\/de\/wp-json\/wp\/v2\/pages\/4973\/revisions"}],"predecessor-version":[{"id":46546,"href":"https:\/\/xostorebrand.com\/de\/wp-json\/wp\/v2\/pages\/4973\/revisions\/46546"}],"wp:attachment":[{"href":"https:\/\/xostorebrand.com\/de\/wp-json\/wp\/v2\/media?parent=4973"}],"curies":[{"name":"wp","href":"https:\/\/api.w.org\/{rel}","templated":true}]}}