{"id":4987,"date":"2025-10-17T17:32:21","date_gmt":"2025-10-17T17:32:21","guid":{"rendered":"https:\/\/xostorebrand.com\/groesse\/"},"modified":"2026-02-18T01:31:14","modified_gmt":"2026-02-18T01:31:14","slug":"size","status":"publish","type":"page","link":"https:\/\/xostorebrand.com\/de\/size\/","title":{"rendered":"Gr\u00f6\u00dfen"},"content":{"rendered":"\t\t<div data-elementor-type=\"wp-page\" data-elementor-id=\"4987\" class=\"elementor elementor-4987 elementor-2603\" data-elementor-post-type=\"page\">\n\t\t\t\t<div class=\"elementor-element elementor-element-61407da5 e-con-full e-flex e-con e-parent\" data-id=\"61407da5\" data-element_type=\"container\" data-e-type=\"container\">\n\t\t<div class=\"elementor-element elementor-element-44c74d89 size e-flex e-con-boxed e-con e-child\" data-id=\"44c74d89\" data-element_type=\"container\" data-e-type=\"container\">\n\t\t\t\t\t<div class=\"e-con-inner\">\n\t\t\t\t<div class=\"elementor-element elementor-element-7a5b8460 elementor-widget elementor-widget-heading\" data-id=\"7a5b8460\" data-element_type=\"widget\" data-e-type=\"widget\" data-widget_type=\"heading.default\">\n\t\t\t\t\t<h1 class=\"elementor-heading-title elementor-size-default\">Sorge f\u00fcr die perfekte Passform deiner Bestellung!<\/h1>\t\t\t\t<\/div>\n\t\t\t\t<div class=\"elementor-element elementor-element-da2f87 elementor-widget elementor-widget-text-editor\" data-id=\"da2f87\" data-element_type=\"widget\" data-e-type=\"widget\" data-widget_type=\"text-editor.default\">\n\t\t\t\t\t\t\t\t\t<p><strong>Liebe\/r Kund\/in,<\/strong><br \/>Wir m\u00f6chten, dass Ihre neue Kleidung perfekt passt! Um die optimale Passform zu gew\u00e4hrleisten, geben Sie bitte bei der Bestellung Ihre K\u00f6rpergr\u00f6\u00dfe und Ihr Gewicht an. Bei Hosen ben\u00f6tigen wir zus\u00e4tzlich Ihren Taillenumfang. Bitte geben Sie au\u00dferdem Ihre Brust-, Taillen- und Schulterbreite an. Sie k\u00f6nnen diese Informationen im Feld \u201eIhre Nachricht\u201c bei Ihrer Bestellung eingeben. So k\u00f6nnen wir die perfekte Gr\u00f6\u00dfe f\u00fcr Sie finden.<\/p><p><strong>So funktioniert&#8217;s:<\/strong><\/p><ul role=\"list\"><li>Wenn du deine Ma\u00dfe angibst, senden wir dir zuerst die Gr\u00f6\u00dfe, die am besten zu deinen Angaben passt.<\/li><li>Wenn du keine Ma\u00dfe angibst, senden wir dir die Gr\u00f6\u00dfe, die du bei der Bestellung ausgew\u00e4hlt hast.<\/li><\/ul><p>Dieser personalisierte Ansatz sorgt f\u00fcr Komfort und eine gute Passform. Bei Fragen hilft dir unser Kundenservice-Team gerne weiter!<\/p><p>Danke, dass du unseren Shop w\u00e4hlst \u2013 wir wissen dein Vertrauen und deine Unterst\u00fctzung zu sch\u00e4tzen.<br \/><strong>Viel Spa\u00df beim Shoppen!<\/strong><\/p><p><strong>Finde deine ideale Gr\u00f6\u00dfe!<\/strong><\/p><p><strong>Kaufe sorgenfrei ein und genie\u00dfe deinen neuen Look!<\/strong><\/p>\t\t\t\t\t\t\t\t<\/div>\n\t\t\t\t\t<\/div>\n\t\t\t\t<\/div>\n\t\t\t\t<\/div>\n\t\t<div class=\"elementor-element elementor-element-4acc930 e-flex e-con-boxed e-con e-parent\" data-id=\"4acc930\" data-element_type=\"container\" data-e-type=\"container\">\n\t\t\t\t\t<div class=\"e-con-inner\">\n\t\t\t\t<div class=\"elementor-element elementor-element-3b24358 elementor-widget elementor-widget-text-editor\" data-id=\"3b24358\" data-element_type=\"widget\" data-e-type=\"widget\" data-widget_type=\"text-editor.default\">\n\t\t\t\t\t\t\t\t\t<p>\t\t<div data-elementor-type=\"section\" data-elementor-id=\"5051\" class=\"elementor elementor-5051 elementor-2571\" data-elementor-post-type=\"elementor_library\">\n\t\t\t<div class=\"elementor-element elementor-element-39daf7a5 e-con-full contacts-form e-flex e-con e-parent\" data-id=\"39daf7a5\" data-element_type=\"container\" data-e-type=\"container\" data-settings=\"{&quot;background_background&quot;:&quot;classic&quot;}\">\n\t\t<div class=\"elementor-element elementor-element-46d2979a e-grid e-con-boxed e-con e-child\" data-id=\"46d2979a\" data-element_type=\"container\" data-e-type=\"container\">\n\t\t\t\t\t<div class=\"e-con-inner\">\n\t\t\t\t<div class=\"elementor-element elementor-element-49f73ea5 elementor-widget elementor-widget-image\" data-id=\"49f73ea5\" data-element_type=\"widget\" data-e-type=\"widget\" data-widget_type=\"image.default\">\n\t\t\t\t\t\t\t\t\t\t\t\t\t\t\t<img fetchpriority=\"high\" decoding=\"async\" width=\"1200\" height=\"1500\" src=\"https:\/\/xostorebrand.com\/wp-content\/uploads\/2025\/10\/contact-1-8x10.webp\" class=\"attachment-full size-full wp-image-46530 lazyload lazyload-lqip et-lazyload-fadeIn\" alt=\"\" sizes=\"(max-width: 1200px) 100vw, 1200px\" data-src=\"https:\/\/xostorebrand.com\/wp-content\/uploads\/2025\/10\/contact-1.webp\" data-srcset=\"https:\/\/xostorebrand.com\/wp-content\/uploads\/2025\/10\/contact-1.webp 1200w, https:\/\/xostorebrand.com\/wp-content\/uploads\/2025\/10\/contact-1-240x300.webp 240w, https:\/\/xostorebrand.com\/wp-content\/uploads\/2025\/10\/contact-1-819x1024.webp 819w, https:\/\/xostorebrand.com\/wp-content\/uploads\/2025\/10\/contact-1-768x960.webp 768w, https:\/\/xostorebrand.com\/wp-content\/uploads\/2025\/10\/contact-1-346x433.webp 346w, https:\/\/xostorebrand.com\/wp-content\/uploads\/2025\/10\/contact-1-2x3.webp 2w, https:\/\/xostorebrand.com\/wp-content\/uploads\/2025\/10\/contact-1-8x10.webp 8w\" srcset=\"https:\/\/xostorebrand.com\/wp-content\/uploads\/2025\/10\/contact-1-8x10.webp 8w, https:\/\/xostorebrand.com\/wp-content\/uploads\/2025\/10\/contact-1-240x300.webp 240w, https:\/\/xostorebrand.com\/wp-content\/uploads\/2025\/10\/contact-1-819x1024.webp 819w, https:\/\/xostorebrand.com\/wp-content\/uploads\/2025\/10\/contact-1-768x960.webp 768w, https:\/\/xostorebrand.com\/wp-content\/uploads\/2025\/10\/contact-1-346x433.webp 346w, https:\/\/xostorebrand.com\/wp-content\/uploads\/2025\/10\/contact-1-2x3.webp 2w, https:\/\/xostorebrand.com\/wp-content\/uploads\/2025\/10\/contact-1.webp 1200w\" \/>\t\t\t\t\t\t\t\t\t\t\t\t\t\t\t<\/div>\n\t\t<div class=\"elementor-element elementor-element-8ff7ffc e-con-full e-flex e-con e-child\" data-id=\"8ff7ffc\" data-element_type=\"container\" data-e-type=\"container\">\n\t\t\t\t<div class=\"elementor-element elementor-element-44eb3ff elementor-widget elementor-widget-text-editor\" data-id=\"44eb3ff\" data-element_type=\"widget\" data-e-type=\"widget\" data-widget_type=\"text-editor.default\">\n\t\t\t\t\t\t\t\t\t<p>\t\t<div class=\"zbscrmFrontEndForm\" id=\"zbs_form_5\">\n\t\t\t<div id=\"zbs_form_ajax_action\" data-zbsformajax=\"https:\/\/xostorebrand.com\/wp-admin\/admin-ajax.php\"><\/div>\n\t\t\t<div class=\"embed\">\n\t\t\t\t<div class=\"cgrab\" style=\"border:0 !important\">\n\t\t\t\t\t<div class=\"content\">\n\t\t\t\t\t\t<h1>Ihre Meinung ist uns wichtig.<\/h1>\n\t\t\t\t\t\t<h3>Teilen Sie Ihr Feedback mit uns und helfen Sie uns, Ihr Einkaufserlebnis zu verbessern.<\/h3>\n\t\t\t\t\t\t<div class=\"form-wrapper zbsFormWrap\">\n\t\t\t\t\t\t\t<input class=\"input\" type=\"text\" id=\"zbs_fname\" name=\"zbs_fname\" placeholder=\"Vorname\" value=\"\"\/>\n\t\t\t\t\t\t\t<input class=\"input\" type=\"text\" id=\"zbs_lname\" name=\"zbs_lname\" placeholder=\"Ihr Nachname\" value=\"\"\/>\n\t\t\t\t\t\t\t<input class=\"input\" type=\"text\" id=\"zbs_email\" name=\"zbs_email\" placeholder=\"E-Mail*\" value=\"\"\/>\n\t\t\t\t\t\t\t<textarea class=\"textarea\" id=\"zbs_notes\" name=\"zbs_notes\" placeholder=\"Deine Nachricht\"><\/textarea>\n\t\t\t\t\t\t\t<input class=\"input\" type=\"hidden\" id=\"zbs_hpot_email\" name=\"zbs_hpot_email\" value=\"\"\/>\n\t\t\t\t\t\t\t<input class=\"input\" type=\"hidden\" class=\"zbs_form_view_id\" id=\"zbs_form_view_id\" name=\"zbs_form_id\" value=\"5\" \/>\n\t\t\t\t\t\t\t<input class=\"input\" type=\"hidden\" id=\"zbs_form_style\" name=\"zbs_form_style\" value=\"zbs_cgrab\" \/>\n\t\t\t\t\t\t\t<input type=\"hidden\" name=\"action\" value=\"zbs_lead_form\">\n\t\t\t\t\t\t\t\t\t\t\t\t\t\t<input class=\"send\" type=\"submit\" value=\"Senden\"\/>\n\t\t\t\t\t\t\t<div class=\"clear\"><\/div>\n\t\t\t\t\t\t\t<div class=\"trailer\">Wir senden dir keinen Spam. Unser Team meldet sich innerhalb von 24 bis 48 Stunden Mo-Fr (oft aber viel schneller). <\/div>\n\t\t\t\t\t\t<\/div>\n\t\t\t\t\t\t<div class=\"zbsForm_success\">Danke. Wir melden uns bei dir. <\/div>\n\t\t\t\t\t\t\t\t\t\t\t<\/div>\n\t\t\t\t<\/div>\n\t\t\t<\/div>\n\t\t<\/div>\n\t<\/p>\t\t\t\t\t\t\t\t<\/div>\n\t\t\t\t<\/div>\n\t\t\t\t\t<\/div>\n\t\t\t\t<\/div>\n\t\t\t\t<\/div>\n\t\t\t\t<\/div>\n\t\t<\/p>\t\t\t\t\t\t\t\t<\/div>\n\t\t\t\t\t<\/div>\n\t\t\t\t<\/div>\n\t\t\t\t<\/div>\n\t\t","protected":false},"excerpt":{"rendered":"<p>Sorge f\u00fcr die perfekte Passform deiner Bestellung! Liebe\/r Kund\/in,Wir m\u00f6chten, dass Ihre neue Kleidung perfekt passt! Um die optimale Passform zu gew\u00e4hrleisten, geben Sie bitte&#8230;<\/p>\n","protected":false},"author":1,"featured_media":0,"parent":0,"menu_order":0,"comment_status":"closed","ping_status":"closed","template":"","meta":{"footnotes":""},"class_list":["post-4987","page","type-page","status-publish","hentry"],"yoast_head":"<!-- This site is optimized with the Yoast SEO plugin v26.9 - https:\/\/yoast.com\/product\/yoast-seo-wordpress\/ -->\n<title>Gr\u00f6\u00dfen - XO STORE BRAND \u2014 exklusive Premium-Mode<\/title>\n<meta name=\"robots\" content=\"index, follow, max-snippet:-1, max-image-preview:large, max-video-preview:-1\" \/>\n<link rel=\"canonical\" href=\"https:\/\/xostorebrand.com\/de\/size\/\" \/>\n<meta property=\"og:locale\" content=\"de_DE\" \/>\n<meta property=\"og:type\" content=\"article\" \/>\n<meta property=\"og:title\" content=\"Gr\u00f6\u00dfen - XO STORE BRAND \u2014 exklusive Premium-Mode\" \/>\n<meta property=\"og:description\" content=\"Sorge f\u00fcr die perfekte Passform deiner Bestellung! Liebe\/r Kund\/in,Wir m\u00f6chten, dass Ihre neue Kleidung perfekt passt! Um die optimale Passform zu gew\u00e4hrleisten, geben Sie bitte...\" \/>\n<meta property=\"og:url\" content=\"https:\/\/xostorebrand.com\/de\/size\/\" \/>\n<meta property=\"og:site_name\" content=\"XO STORE BRAND \u2014 exklusive Premium-Mode\" \/>\n<meta property=\"article:modified_time\" content=\"2026-02-18T01:31:14+00:00\" \/>\n<meta property=\"og:image\" content=\"https:\/\/xostorebrand.com\/wp-content\/uploads\/2025\/12\/IMG_3441.jpg\" \/>\n\t<meta property=\"og:image:width\" content=\"1170\" \/>\n\t<meta property=\"og:image:height\" content=\"1169\" \/>\n\t<meta property=\"og:image:type\" content=\"image\/jpeg\" \/>\n<meta name=\"twitter:card\" content=\"summary_large_image\" \/>\n<meta name=\"twitter:label1\" content=\"Gesch\u00e4tzte Lesezeit\" \/>\n\t<meta name=\"twitter:data1\" content=\"2\u00a0Minuten\" \/>\n<script type=\"application\/ld+json\" class=\"yoast-schema-graph\">{\"@context\":\"https:\/\/schema.org\",\"@graph\":[{\"@type\":\"WebPage\",\"@id\":\"https:\/\/xostorebrand.com\/de\/size\/\",\"url\":\"https:\/\/xostorebrand.com\/de\/size\/\",\"name\":\"Gr\u00f6\u00dfen - XO STORE BRAND \u2014 exklusive Premium-Mode\",\"isPartOf\":{\"@id\":\"https:\/\/xostorebrand.com\/de\/#website\"},\"datePublished\":\"2025-10-17T17:32:21+00:00\",\"dateModified\":\"2026-02-18T01:31:14+00:00\",\"breadcrumb\":{\"@id\":\"https:\/\/xostorebrand.com\/de\/size\/#breadcrumb\"},\"inLanguage\":\"de\",\"potentialAction\":[{\"@type\":\"ReadAction\",\"target\":[\"https:\/\/xostorebrand.com\/de\/size\/\"]}]},{\"@type\":\"BreadcrumbList\",\"@id\":\"https:\/\/xostorebrand.com\/de\/size\/#breadcrumb\",\"itemListElement\":[{\"@type\":\"ListItem\",\"position\":1,\"name\":\"Strona g\u0142\u00f3wna\",\"item\":\"https:\/\/xostorebrand.com\/de\/\"},{\"@type\":\"ListItem\",\"position\":2,\"name\":\"Gr\u00f6\u00dfen\"}]},{\"@type\":\"WebSite\",\"@id\":\"https:\/\/xostorebrand.com\/de\/#website\",\"url\":\"https:\/\/xostorebrand.com\/de\/\",\"name\":\"XO STORE BRAND \u2014 ekskluzywna moda premium\",\"description\":\"\",\"publisher\":{\"@id\":\"https:\/\/xostorebrand.com\/de\/#organization\"},\"alternateName\":\"Sklep z starannie wyselekcjonowan\u0105 odzie\u017c\u0105, obuwiem, akcesoriami i torbami od topowych \u015bwiatowych projektant\u00f3w.\",\"potentialAction\":[{\"@type\":\"SearchAction\",\"target\":{\"@type\":\"EntryPoint\",\"urlTemplate\":\"https:\/\/xostorebrand.com\/de\/?s={search_term_string}\"},\"query-input\":{\"@type\":\"PropertyValueSpecification\",\"valueRequired\":true,\"valueName\":\"search_term_string\"}}],\"inLanguage\":\"de\"},{\"@type\":\"Organization\",\"@id\":\"https:\/\/xostorebrand.com\/de\/#organization\",\"name\":\"XO STORE BRAND \u2014 exklusive Premium-Mode\",\"url\":\"https:\/\/xostorebrand.com\/de\/\",\"logo\":{\"@type\":\"ImageObject\",\"inLanguage\":\"de\",\"@id\":\"https:\/\/xostorebrand.com\/de\/#\/schema\/logo\/image\/\",\"url\":\"https:\/\/xostorebrand.com\/wp-content\/uploads\/2025\/12\/IMG_3441.jpg\",\"contentUrl\":\"https:\/\/xostorebrand.com\/wp-content\/uploads\/2025\/12\/IMG_3441.jpg\",\"width\":1170,\"height\":1169,\"caption\":\"XO STORE BRAND \u2014 exklusive Premium-Mode\"},\"image\":{\"@id\":\"https:\/\/xostorebrand.com\/de\/#\/schema\/logo\/image\/\"}}]}<\/script>\n<!-- \/ Yoast SEO plugin. -->","yoast_head_json":{"title":"Gr\u00f6\u00dfen - XO STORE BRAND \u2014 exklusive Premium-Mode","robots":{"index":"index","follow":"follow","max-snippet":"max-snippet:-1","max-image-preview":"max-image-preview:large","max-video-preview":"max-video-preview:-1"},"canonical":"https:\/\/xostorebrand.com\/de\/size\/","og_locale":"de_DE","og_type":"article","og_title":"Gr\u00f6\u00dfen - XO STORE BRAND \u2014 exklusive Premium-Mode","og_description":"Sorge f\u00fcr die perfekte Passform deiner Bestellung! Liebe\/r Kund\/in,Wir m\u00f6chten, dass Ihre neue Kleidung perfekt passt! Um die optimale Passform zu gew\u00e4hrleisten, geben Sie bitte...","og_url":"https:\/\/xostorebrand.com\/de\/size\/","og_site_name":"XO STORE BRAND \u2014 exklusive Premium-Mode","article_modified_time":"2026-02-18T01:31:14+00:00","og_image":[{"width":1170,"height":1169,"url":"https:\/\/xostorebrand.com\/wp-content\/uploads\/2025\/12\/IMG_3441.jpg","type":"image\/jpeg"}],"twitter_card":"summary_large_image","twitter_misc":{"Gesch\u00e4tzte Lesezeit":"2\u00a0Minuten"},"schema":{"@context":"https:\/\/schema.org","@graph":[{"@type":"WebPage","@id":"https:\/\/xostorebrand.com\/de\/size\/","url":"https:\/\/xostorebrand.com\/de\/size\/","name":"Gr\u00f6\u00dfen - XO STORE BRAND \u2014 exklusive Premium-Mode","isPartOf":{"@id":"https:\/\/xostorebrand.com\/de\/#website"},"datePublished":"2025-10-17T17:32:21+00:00","dateModified":"2026-02-18T01:31:14+00:00","breadcrumb":{"@id":"https:\/\/xostorebrand.com\/de\/size\/#breadcrumb"},"inLanguage":"de","potentialAction":[{"@type":"ReadAction","target":["https:\/\/xostorebrand.com\/de\/size\/"]}]},{"@type":"BreadcrumbList","@id":"https:\/\/xostorebrand.com\/de\/size\/#breadcrumb","itemListElement":[{"@type":"ListItem","position":1,"name":"Strona g\u0142\u00f3wna","item":"https:\/\/xostorebrand.com\/de\/"},{"@type":"ListItem","position":2,"name":"Gr\u00f6\u00dfen"}]},{"@type":"WebSite","@id":"https:\/\/xostorebrand.com\/de\/#website","url":"https:\/\/xostorebrand.com\/de\/","name":"XO STORE BRAND \u2014 ekskluzywna moda premium","description":"","publisher":{"@id":"https:\/\/xostorebrand.com\/de\/#organization"},"alternateName":"Sklep z starannie wyselekcjonowan\u0105 odzie\u017c\u0105, obuwiem, akcesoriami i torbami od topowych \u015bwiatowych projektant\u00f3w.","potentialAction":[{"@type":"SearchAction","target":{"@type":"EntryPoint","urlTemplate":"https:\/\/xostorebrand.com\/de\/?s={search_term_string}"},"query-input":{"@type":"PropertyValueSpecification","valueRequired":true,"valueName":"search_term_string"}}],"inLanguage":"de"},{"@type":"Organization","@id":"https:\/\/xostorebrand.com\/de\/#organization","name":"XO STORE BRAND \u2014 exklusive Premium-Mode","url":"https:\/\/xostorebrand.com\/de\/","logo":{"@type":"ImageObject","inLanguage":"de","@id":"https:\/\/xostorebrand.com\/de\/#\/schema\/logo\/image\/","url":"https:\/\/xostorebrand.com\/wp-content\/uploads\/2025\/12\/IMG_3441.jpg","contentUrl":"https:\/\/xostorebrand.com\/wp-content\/uploads\/2025\/12\/IMG_3441.jpg","width":1170,"height":1169,"caption":"XO STORE BRAND \u2014 exklusive Premium-Mode"},"image":{"@id":"https:\/\/xostorebrand.com\/de\/#\/schema\/logo\/image\/"}}]}},"jetpack_sharing_enabled":true,"_links":{"self":[{"href":"https:\/\/xostorebrand.com\/de\/wp-json\/wp\/v2\/pages\/4987","targetHints":{"allow":["GET"]}}],"collection":[{"href":"https:\/\/xostorebrand.com\/de\/wp-json\/wp\/v2\/pages"}],"about":[{"href":"https:\/\/xostorebrand.com\/de\/wp-json\/wp\/v2\/types\/page"}],"author":[{"embeddable":true,"href":"https:\/\/xostorebrand.com\/de\/wp-json\/wp\/v2\/users\/1"}],"replies":[{"embeddable":true,"href":"https:\/\/xostorebrand.com\/de\/wp-json\/wp\/v2\/comments?post=4987"}],"version-history":[{"count":5,"href":"https:\/\/xostorebrand.com\/de\/wp-json\/wp\/v2\/pages\/4987\/revisions"}],"predecessor-version":[{"id":46767,"href":"https:\/\/xostorebrand.com\/de\/wp-json\/wp\/v2\/pages\/4987\/revisions\/46767"}],"wp:attachment":[{"href":"https:\/\/xostorebrand.com\/de\/wp-json\/wp\/v2\/media?parent=4987"}],"curies":[{"name":"wp","href":"https:\/\/api.w.org\/{rel}","templated":true}]}}