{"id":5065,"date":"2025-10-17T18:08:32","date_gmt":"2025-10-17T18:08:32","guid":{"rendered":"https:\/\/xostorebrand.com\/datenschutzerklaerung\/"},"modified":"2025-11-02T21:28:09","modified_gmt":"2025-11-02T21:28:09","slug":"privacy-policy","status":"publish","type":"page","link":"https:\/\/xostorebrand.com\/de\/privacy-policy\/","title":{"rendered":"Datenschutzerkl\u00e4rung"},"content":{"rendered":"\t\t<div data-elementor-type=\"wp-page\" data-elementor-id=\"5065\" class=\"elementor elementor-5065 elementor-2682\" data-elementor-post-type=\"page\">\n\t\t\t\t<div class=\"elementor-element elementor-element-6161ee39 e-flex e-con-boxed e-con e-parent\" data-id=\"6161ee39\" data-element_type=\"container\" data-e-type=\"container\">\n\t\t\t\t\t<div class=\"e-con-inner\">\n\t\t<div class=\"elementor-element elementor-element-bc28f19 e-flex e-con-boxed e-con e-child\" data-id=\"bc28f19\" data-element_type=\"container\" data-e-type=\"container\">\n\t\t\t\t\t<div class=\"e-con-inner\">\n\t\t\t\t<div class=\"elementor-element elementor-element-2cfe87dd elementor-widget elementor-widget-heading\" data-id=\"2cfe87dd\" data-element_type=\"widget\" data-e-type=\"widget\" data-widget_type=\"heading.default\">\n\t\t\t\t\t<h1 class=\"elementor-heading-title elementor-size-default\">Datenschutzerkl\u00e4rung<\/h1>\t\t\t\t<\/div>\n\t\t\t\t<div class=\"elementor-element elementor-element-747533bf elementor-widget elementor-widget-text-editor\" data-id=\"747533bf\" data-element_type=\"widget\" data-e-type=\"widget\" data-widget_type=\"text-editor.default\">\n\t\t\t\t\t\t\t\t\t<p><strong>DATENSCHUTZERKL\u00c4RUNG XO STORE<\/strong><br><strong>LETZTE AKTUALISIERUNG:<\/strong> Januar 2025<\/p><p><strong>1. \u00dcBER XO STORE UND DIESE DATENSCHUTZERKL\u00c4RUNG<\/strong><\/p><p>Willkommen bei XO Store (\u201ewir\u201c, \u201euns\u201c, \u201eunser\u201c). Wir k\u00fcmmern uns um deine Privatsph\u00e4re und um Transparenz dar\u00fcber, wie wir deine personenbezogenen Daten sammeln, nutzen und sch\u00fctzen. Als Datenverantwortlicher handeln wir gem\u00e4\u00df der Datenschutz-Grundverordnung (DSGVO) und anderen geltenden Datenschutzbestimmungen.<\/p><p>Diese Datenschutzerkl\u00e4rung erkl\u00e4rt, wie wir deine personenbezogenen Daten sammeln, nutzen und weitergeben, wenn du XO Store nutzt \u2014 \u00fcber unsere Website ([URL der Website einf\u00fcgen]), mobile Apps und Kundenservice-Kan\u00e4le.<\/p><p>Unsere Website und Dienste sind nicht f\u00fcr Kinder bestimmt. Bei Fragen zu dieser Richtlinie kontaktiere bitte unseren Datenschutzbeauftragten unter: [E-Mail einf\u00fcgen].<\/p><p>Wenn du deine Datenschutzrechte aus\u00fcben m\u00f6chtest, lies bitte Abschnitt 10 (\u201eWelche Rechte habe ich?\u201c).<\/p><p><strong>2. WEBSITES DRITTER<\/strong><\/p><p>Unsere Website kann Links zu externen Websites unserer Partner, Marken und verbundenen Unternehmen enthalten. Diese Richtlinie gilt nicht f\u00fcr diese Websites, und wir sind nicht verantwortlich f\u00fcr deren Datenschutzpraktiken. Wir empfehlen dir, deren Datenschutzrichtlinien zu lesen, bevor du personenbezogene Daten \u00fcbermittelst.<\/p><p><strong>3. WELCHE INFORMATIONEN WIR SAMMELN UND WIE?<\/strong><\/p><p><strong>\u2022 Informationen, die du uns gibst:<\/strong><\/p><p>Du kannst personenbezogene Daten weitergeben, wenn du:<\/p><ul><li>ein Konto auf unserer Website erstellst;<\/li><li>eine Bestellung aufgibst oder einen Kauf t\u00e4tigst;<\/li><li>Online-Formulare ausf\u00fcllst (z. B. Registrierung, Umfragen, Feedback, Aktionen);<\/li><li>dich f\u00fcr Newsletter und Sonderangebote anmeldest;<\/li><li>uns per E-Mail, Telefon, Chat oder soziale Medien kontaktierst.<\/li><\/ul><p>Diese Daten k\u00f6nnen umfassen: Name, E-Mail-Adresse, Telefonnummer, Adresse, Geburtsdatum, Geschlecht, Kaufhistorie, Zahlungsdaten und Kaufpr\u00e4ferenzen.<\/p><p>Um eine Bestellung aufzugeben, musst du ein Konto bei XO Store haben. Wenn du dich noch nicht registriert hast, wird automatisch ein Konto erstellt, wenn du die Bestellung abschlie\u00dft. Du kannst dein Konto jederzeit in den Einstellungen l\u00f6schen. <em>Beachte jedoch<\/em>, dass du weiterhin Marketing-E-Mails erh\u00e4ltst, es sei denn, du meldest dich ab.<\/p><p><strong>\u2022 Informationen, die wir von externen Konten und Quellen erhalten:<\/strong><\/p><p>Wir k\u00f6nnen Daten von externen Plattformen wie Google, Apple, Facebook, Instagram und Zahlungsanbietern erhalten, wenn du diese zum Einloggen oder Abschlie\u00dfen von Transaktionen nutzt. Zus\u00e4tzlich k\u00f6nnen wir Informationen erhalten von:<\/p><ul><li>Social-Media-Plattformen,<\/li><li>Werbe- und Analysepartnern,<\/li><li>Datenbrokern.<\/li><\/ul><p>Der Umfang der Daten h\u00e4ngt von deinen Kontoeinstellungen ab sowie von den Datenschutzrichtlinien dieser Anbieter.<\/p><p><strong>\u2022 Informationen, die automatisch von unseren IT-Systemen gesammelt werden:<\/strong><\/p><p>Jedes Mal, wenn du unsere Website besuchst, generieren und protokollieren unsere Systeme technische Daten, wie zum Beispiel:<\/p><ul><li><strong>Cookies:<\/strong> kleine Textdateien, die das Surferlebnis verbessern (Details siehe Abschnitt 7);<\/li><li><strong>Ger\u00e4teinformationen:<\/strong> IP-Adresse, Browsertyp, Betriebssystem, Ger\u00e4temodell, ungef\u00e4hre Standort, besuchte Unterseiten;<\/li><li><strong>Leistungsdaten:<\/strong> Fehlerberichte, Ladezeiten, Absturzdiagnosen.<\/li><\/ul><p>Diese Daten helfen uns, den Service zu verbessern, die Sicherheit zu erh\u00f6hen und Inhalte und Angebote bereitzustellen, die auf deine Bed\u00fcrfnisse zugeschnitten sind.<\/p>\t\t\t\t\t\t\t\t<\/div>\n\t\t\t\t\t<\/div>\n\t\t\t\t<\/div>\n\t\t\t\t\t<\/div>\n\t\t\t\t<\/div>\n\t\t\t\t<\/div>\n\t\t","protected":false},"excerpt":{"rendered":"<p>Datenschutzerkl\u00e4rung DATENSCHUTZERKL\u00c4RUNG XO STORELETZTE AKTUALISIERUNG: Januar 2025 1. \u00dcBER XO STORE UND DIESE DATENSCHUTZERKL\u00c4RUNG Willkommen bei XO Store (\u201ewir\u201c, \u201euns\u201c, \u201eunser\u201c). Wir k\u00fcmmern uns um&#8230;<\/p>\n","protected":false},"author":1,"featured_media":0,"parent":0,"menu_order":0,"comment_status":"closed","ping_status":"closed","template":"","meta":{"footnotes":""},"class_list":["post-5065","page","type-page","status-publish","hentry"],"yoast_head":"<!-- This site is optimized with the Yoast SEO plugin v26.9 - https:\/\/yoast.com\/product\/yoast-seo-wordpress\/ -->\n<title>Datenschutzerkl\u00e4rung - XO STORE BRAND \u2014 exklusive Premium-Mode<\/title>\n<meta name=\"robots\" content=\"index, follow, max-snippet:-1, max-image-preview:large, max-video-preview:-1\" \/>\n<link rel=\"canonical\" href=\"https:\/\/xostorebrand.com\/de\/privacy-policy\/\" \/>\n<meta property=\"og:locale\" content=\"de_DE\" \/>\n<meta property=\"og:type\" content=\"article\" \/>\n<meta property=\"og:title\" content=\"Datenschutzerkl\u00e4rung - XO STORE BRAND \u2014 exklusive Premium-Mode\" \/>\n<meta property=\"og:description\" content=\"Datenschutzerkl\u00e4rung DATENSCHUTZERKL\u00c4RUNG XO STORELETZTE AKTUALISIERUNG: Januar 2025 1. \u00dcBER XO STORE UND DIESE DATENSCHUTZERKL\u00c4RUNG Willkommen bei XO Store (\u201ewir\u201c, \u201euns\u201c, \u201eunser\u201c). Wir k\u00fcmmern uns um...\" \/>\n<meta property=\"og:url\" content=\"https:\/\/xostorebrand.com\/de\/privacy-policy\/\" \/>\n<meta property=\"og:site_name\" content=\"XO STORE BRAND \u2014 exklusive Premium-Mode\" \/>\n<meta property=\"article:modified_time\" content=\"2025-11-02T21:28:09+00:00\" \/>\n<meta property=\"og:image\" content=\"https:\/\/xostorebrand.com\/wp-content\/uploads\/2025\/12\/IMG_3441.jpg\" \/>\n\t<meta property=\"og:image:width\" content=\"1170\" \/>\n\t<meta property=\"og:image:height\" content=\"1169\" \/>\n\t<meta property=\"og:image:type\" content=\"image\/jpeg\" \/>\n<meta name=\"twitter:card\" content=\"summary_large_image\" \/>\n<meta name=\"twitter:label1\" content=\"Gesch\u00e4tzte Lesezeit\" \/>\n\t<meta name=\"twitter:data1\" content=\"2\u00a0Minuten\" \/>\n<script type=\"application\/ld+json\" class=\"yoast-schema-graph\">{\"@context\":\"https:\/\/schema.org\",\"@graph\":[{\"@type\":\"WebPage\",\"@id\":\"https:\/\/xostorebrand.com\/de\/privacy-policy\/\",\"url\":\"https:\/\/xostorebrand.com\/de\/privacy-policy\/\",\"name\":\"Datenschutzerkl\u00e4rung - XO STORE BRAND \u2014 exklusive Premium-Mode\",\"isPartOf\":{\"@id\":\"https:\/\/xostorebrand.com\/de\/#website\"},\"datePublished\":\"2025-10-17T18:08:32+00:00\",\"dateModified\":\"2025-11-02T21:28:09+00:00\",\"breadcrumb\":{\"@id\":\"https:\/\/xostorebrand.com\/de\/privacy-policy\/#breadcrumb\"},\"inLanguage\":\"de\",\"potentialAction\":[{\"@type\":\"ReadAction\",\"target\":[\"https:\/\/xostorebrand.com\/de\/privacy-policy\/\"]}]},{\"@type\":\"BreadcrumbList\",\"@id\":\"https:\/\/xostorebrand.com\/de\/privacy-policy\/#breadcrumb\",\"itemListElement\":[{\"@type\":\"ListItem\",\"position\":1,\"name\":\"Strona g\u0142\u00f3wna\",\"item\":\"https:\/\/xostorebrand.com\/de\/\"},{\"@type\":\"ListItem\",\"position\":2,\"name\":\"Datenschutzerkl\u00e4rung\"}]},{\"@type\":\"WebSite\",\"@id\":\"https:\/\/xostorebrand.com\/de\/#website\",\"url\":\"https:\/\/xostorebrand.com\/de\/\",\"name\":\"XO STORE BRAND \u2014 ekskluzywna moda premium\",\"description\":\"\",\"publisher\":{\"@id\":\"https:\/\/xostorebrand.com\/de\/#organization\"},\"alternateName\":\"Sklep z starannie wyselekcjonowan\u0105 odzie\u017c\u0105, obuwiem, akcesoriami i torbami od topowych \u015bwiatowych projektant\u00f3w.\",\"potentialAction\":[{\"@type\":\"SearchAction\",\"target\":{\"@type\":\"EntryPoint\",\"urlTemplate\":\"https:\/\/xostorebrand.com\/de\/?s={search_term_string}\"},\"query-input\":{\"@type\":\"PropertyValueSpecification\",\"valueRequired\":true,\"valueName\":\"search_term_string\"}}],\"inLanguage\":\"de\"},{\"@type\":\"Organization\",\"@id\":\"https:\/\/xostorebrand.com\/de\/#organization\",\"name\":\"XO STORE BRAND \u2014 exklusive Premium-Mode\",\"url\":\"https:\/\/xostorebrand.com\/de\/\",\"logo\":{\"@type\":\"ImageObject\",\"inLanguage\":\"de\",\"@id\":\"https:\/\/xostorebrand.com\/de\/#\/schema\/logo\/image\/\",\"url\":\"https:\/\/xostorebrand.com\/wp-content\/uploads\/2025\/12\/IMG_3441.jpg\",\"contentUrl\":\"https:\/\/xostorebrand.com\/wp-content\/uploads\/2025\/12\/IMG_3441.jpg\",\"width\":1170,\"height\":1169,\"caption\":\"XO STORE BRAND \u2014 exklusive Premium-Mode\"},\"image\":{\"@id\":\"https:\/\/xostorebrand.com\/de\/#\/schema\/logo\/image\/\"}}]}<\/script>\n<!-- \/ Yoast SEO plugin. -->","yoast_head_json":{"title":"Datenschutzerkl\u00e4rung - XO STORE BRAND \u2014 exklusive Premium-Mode","robots":{"index":"index","follow":"follow","max-snippet":"max-snippet:-1","max-image-preview":"max-image-preview:large","max-video-preview":"max-video-preview:-1"},"canonical":"https:\/\/xostorebrand.com\/de\/privacy-policy\/","og_locale":"de_DE","og_type":"article","og_title":"Datenschutzerkl\u00e4rung - XO STORE BRAND \u2014 exklusive Premium-Mode","og_description":"Datenschutzerkl\u00e4rung DATENSCHUTZERKL\u00c4RUNG XO STORELETZTE AKTUALISIERUNG: Januar 2025 1. \u00dcBER XO STORE UND DIESE DATENSCHUTZERKL\u00c4RUNG Willkommen bei XO Store (\u201ewir\u201c, \u201euns\u201c, \u201eunser\u201c). Wir k\u00fcmmern uns um...","og_url":"https:\/\/xostorebrand.com\/de\/privacy-policy\/","og_site_name":"XO STORE BRAND \u2014 exklusive Premium-Mode","article_modified_time":"2025-11-02T21:28:09+00:00","og_image":[{"width":1170,"height":1169,"url":"https:\/\/xostorebrand.com\/wp-content\/uploads\/2025\/12\/IMG_3441.jpg","type":"image\/jpeg"}],"twitter_card":"summary_large_image","twitter_misc":{"Gesch\u00e4tzte Lesezeit":"2\u00a0Minuten"},"schema":{"@context":"https:\/\/schema.org","@graph":[{"@type":"WebPage","@id":"https:\/\/xostorebrand.com\/de\/privacy-policy\/","url":"https:\/\/xostorebrand.com\/de\/privacy-policy\/","name":"Datenschutzerkl\u00e4rung - XO STORE BRAND \u2014 exklusive Premium-Mode","isPartOf":{"@id":"https:\/\/xostorebrand.com\/de\/#website"},"datePublished":"2025-10-17T18:08:32+00:00","dateModified":"2025-11-02T21:28:09+00:00","breadcrumb":{"@id":"https:\/\/xostorebrand.com\/de\/privacy-policy\/#breadcrumb"},"inLanguage":"de","potentialAction":[{"@type":"ReadAction","target":["https:\/\/xostorebrand.com\/de\/privacy-policy\/"]}]},{"@type":"BreadcrumbList","@id":"https:\/\/xostorebrand.com\/de\/privacy-policy\/#breadcrumb","itemListElement":[{"@type":"ListItem","position":1,"name":"Strona g\u0142\u00f3wna","item":"https:\/\/xostorebrand.com\/de\/"},{"@type":"ListItem","position":2,"name":"Datenschutzerkl\u00e4rung"}]},{"@type":"WebSite","@id":"https:\/\/xostorebrand.com\/de\/#website","url":"https:\/\/xostorebrand.com\/de\/","name":"XO STORE BRAND \u2014 ekskluzywna moda premium","description":"","publisher":{"@id":"https:\/\/xostorebrand.com\/de\/#organization"},"alternateName":"Sklep z starannie wyselekcjonowan\u0105 odzie\u017c\u0105, obuwiem, akcesoriami i torbami od topowych \u015bwiatowych projektant\u00f3w.","potentialAction":[{"@type":"SearchAction","target":{"@type":"EntryPoint","urlTemplate":"https:\/\/xostorebrand.com\/de\/?s={search_term_string}"},"query-input":{"@type":"PropertyValueSpecification","valueRequired":true,"valueName":"search_term_string"}}],"inLanguage":"de"},{"@type":"Organization","@id":"https:\/\/xostorebrand.com\/de\/#organization","name":"XO STORE BRAND \u2014 exklusive Premium-Mode","url":"https:\/\/xostorebrand.com\/de\/","logo":{"@type":"ImageObject","inLanguage":"de","@id":"https:\/\/xostorebrand.com\/de\/#\/schema\/logo\/image\/","url":"https:\/\/xostorebrand.com\/wp-content\/uploads\/2025\/12\/IMG_3441.jpg","contentUrl":"https:\/\/xostorebrand.com\/wp-content\/uploads\/2025\/12\/IMG_3441.jpg","width":1170,"height":1169,"caption":"XO STORE BRAND \u2014 exklusive Premium-Mode"},"image":{"@id":"https:\/\/xostorebrand.com\/de\/#\/schema\/logo\/image\/"}}]}},"jetpack_sharing_enabled":true,"_links":{"self":[{"href":"https:\/\/xostorebrand.com\/de\/wp-json\/wp\/v2\/pages\/5065","targetHints":{"allow":["GET"]}}],"collection":[{"href":"https:\/\/xostorebrand.com\/de\/wp-json\/wp\/v2\/pages"}],"about":[{"href":"https:\/\/xostorebrand.com\/de\/wp-json\/wp\/v2\/types\/page"}],"author":[{"embeddable":true,"href":"https:\/\/xostorebrand.com\/de\/wp-json\/wp\/v2\/users\/1"}],"replies":[{"embeddable":true,"href":"https:\/\/xostorebrand.com\/de\/wp-json\/wp\/v2\/comments?post=5065"}],"version-history":[{"count":0,"href":"https:\/\/xostorebrand.com\/de\/wp-json\/wp\/v2\/pages\/5065\/revisions"}],"wp:attachment":[{"href":"https:\/\/xostorebrand.com\/de\/wp-json\/wp\/v2\/media?parent=5065"}],"curies":[{"name":"wp","href":"https:\/\/api.w.org\/{rel}","templated":true}]}}