{"id":24925,"date":"2025-11-28T09:30:35","date_gmt":"2025-11-28T09:30:35","guid":{"rendered":"https:\/\/xostorebrand.com\/sklep\/unkategorisiert\/celine-vanity\/"},"modified":"2025-11-28T09:30:35","modified_gmt":"2025-11-28T09:30:35","slug":"celine-vanity","status":"publish","type":"product","link":"https:\/\/xostorebrand.com\/de\/produkt\/celine-vanity\/","title":{"rendered":"Celine Vanity"},"content":{"rendered":"<p>Gr\u00f6\u00dfe: 18 x 12 x 18 cm<\/p>\n","protected":false},"excerpt":{"rendered":"<p>Gr\u00f6\u00dfe: 18 x 12 x 18 cm<\/p>\n","protected":false},"featured_media":24926,"template":"","meta":[],"etheme_brands":[{"term_id":216,"name":"Celine","slug":"celine","term_group":0,"term_taxonomy_id":216,"taxonomy":"brand","description":"","parent":0,"count":38,"filter":"raw"}],"product_brand":[241],"product_cat":[266,275],"product_tag":[],"class_list":{"0":"post-24925","1":"product","2":"type-product","3":"status-publish","4":"has-post-thumbnail","6":"brand-celine","7":"product_brand-celine","8":"product_cat-damen","9":"product_cat-damen-taschen","10":"pa_kolor-hellbraun","11":"pa_kolor-schwarz","12":"pa_kolor-braun","14":"first","15":"instock","16":"shipping-taxable","17":"purchasable","18":"product-type-variable"},"yoast_head":"<!-- This site is optimized with the Yoast SEO plugin v26.9 - https:\/\/yoast.com\/product\/yoast-seo-wordpress\/ -->\n<title>Celine Vanity - XO STORE BRAND \u2014 exklusive Premium-Mode<\/title>\n<meta name=\"robots\" content=\"index, follow, max-snippet:-1, max-image-preview:large, max-video-preview:-1\" \/>\n<link rel=\"canonical\" href=\"https:\/\/xostorebrand.com\/de\/produkt\/celine-vanity\/\" \/>\n<meta property=\"og:locale\" content=\"de_DE\" \/>\n<meta property=\"og:type\" content=\"article\" \/>\n<meta property=\"og:title\" content=\"Celine Vanity - XO STORE BRAND \u2014 exklusive Premium-Mode\" \/>\n<meta property=\"og:description\" content=\"Gr\u00f6\u00dfe: 18 x 12 x 18 cm\" \/>\n<meta property=\"og:url\" content=\"https:\/\/xostorebrand.com\/de\/produkt\/celine-vanity\/\" \/>\n<meta property=\"og:site_name\" content=\"XO STORE BRAND \u2014 exklusive Premium-Mode\" \/>\n<meta property=\"og:image\" content=\"https:\/\/xostorebrand.com\/wp-content\/uploads\/2025\/11\/Celine-Vanity-01.webp\" \/>\n\t<meta property=\"og:image:width\" content=\"1440\" \/>\n\t<meta property=\"og:image:height\" content=\"1440\" \/>\n\t<meta property=\"og:image:type\" content=\"image\/webp\" \/>\n<meta name=\"twitter:card\" content=\"summary_large_image\" \/>\n<script type=\"application\/ld+json\" class=\"yoast-schema-graph\">{\"@context\":\"https:\/\/schema.org\",\"@graph\":[{\"@type\":\"WebPage\",\"@id\":\"https:\/\/xostorebrand.com\/de\/produkt\/celine-vanity\/\",\"url\":\"https:\/\/xostorebrand.com\/de\/produkt\/celine-vanity\/\",\"name\":\"Celine Vanity - XO STORE BRAND \u2014 exklusive Premium-Mode\",\"isPartOf\":{\"@id\":\"https:\/\/xostorebrand.com\/de\/#website\"},\"primaryImageOfPage\":{\"@id\":\"https:\/\/xostorebrand.com\/de\/produkt\/celine-vanity\/#primaryimage\"},\"image\":{\"@id\":\"https:\/\/xostorebrand.com\/de\/produkt\/celine-vanity\/#primaryimage\"},\"thumbnailUrl\":\"https:\/\/xostorebrand.com\/wp-content\/uploads\/2025\/11\/Celine-Vanity-01.webp\",\"datePublished\":\"2025-11-28T09:30:35+00:00\",\"breadcrumb\":{\"@id\":\"https:\/\/xostorebrand.com\/de\/produkt\/celine-vanity\/#breadcrumb\"},\"inLanguage\":\"de\",\"potentialAction\":[{\"@type\":\"ReadAction\",\"target\":[\"https:\/\/xostorebrand.com\/de\/produkt\/celine-vanity\/\"]}]},{\"@type\":\"ImageObject\",\"inLanguage\":\"de\",\"@id\":\"https:\/\/xostorebrand.com\/de\/produkt\/celine-vanity\/#primaryimage\",\"url\":\"https:\/\/xostorebrand.com\/wp-content\/uploads\/2025\/11\/Celine-Vanity-01.webp\",\"contentUrl\":\"https:\/\/xostorebrand.com\/wp-content\/uploads\/2025\/11\/Celine-Vanity-01.webp\",\"width\":1440,\"height\":1440},{\"@type\":\"BreadcrumbList\",\"@id\":\"https:\/\/xostorebrand.com\/de\/produkt\/celine-vanity\/#breadcrumb\",\"itemListElement\":[{\"@type\":\"ListItem\",\"position\":1,\"name\":\"Strona g\u0142\u00f3wna\",\"item\":\"https:\/\/xostorebrand.com\/de\/\"},{\"@type\":\"ListItem\",\"position\":2,\"name\":\"Gesch\u00e4ft\",\"item\":\"https:\/\/xostorebrand.com\/de\/geschaeft\/\"},{\"@type\":\"ListItem\",\"position\":3,\"name\":\"Celine Vanity\"}]},{\"@type\":\"WebSite\",\"@id\":\"https:\/\/xostorebrand.com\/de\/#website\",\"url\":\"https:\/\/xostorebrand.com\/de\/\",\"name\":\"XO STORE BRAND \u2014 ekskluzywna moda premium\",\"description\":\"\",\"publisher\":{\"@id\":\"https:\/\/xostorebrand.com\/de\/#organization\"},\"alternateName\":\"Sklep z starannie wyselekcjonowan\u0105 odzie\u017c\u0105, obuwiem, akcesoriami i torbami od topowych \u015bwiatowych projektant\u00f3w.\",\"potentialAction\":[{\"@type\":\"SearchAction\",\"target\":{\"@type\":\"EntryPoint\",\"urlTemplate\":\"https:\/\/xostorebrand.com\/de\/?s={search_term_string}\"},\"query-input\":{\"@type\":\"PropertyValueSpecification\",\"valueRequired\":true,\"valueName\":\"search_term_string\"}}],\"inLanguage\":\"de\"},{\"@type\":\"Organization\",\"@id\":\"https:\/\/xostorebrand.com\/de\/#organization\",\"name\":\"XO STORE BRAND \u2014 exklusive Premium-Mode\",\"url\":\"https:\/\/xostorebrand.com\/de\/\",\"logo\":{\"@type\":\"ImageObject\",\"inLanguage\":\"de\",\"@id\":\"https:\/\/xostorebrand.com\/de\/#\/schema\/logo\/image\/\",\"url\":\"https:\/\/xostorebrand.com\/wp-content\/uploads\/2025\/12\/IMG_3441.jpg\",\"contentUrl\":\"https:\/\/xostorebrand.com\/wp-content\/uploads\/2025\/12\/IMG_3441.jpg\",\"width\":1170,\"height\":1169,\"caption\":\"XO STORE BRAND \u2014 exklusive Premium-Mode\"},\"image\":{\"@id\":\"https:\/\/xostorebrand.com\/de\/#\/schema\/logo\/image\/\"}}]}<\/script>\n<!-- \/ Yoast SEO plugin. -->","yoast_head_json":{"title":"Celine Vanity - XO STORE BRAND \u2014 exklusive Premium-Mode","robots":{"index":"index","follow":"follow","max-snippet":"max-snippet:-1","max-image-preview":"max-image-preview:large","max-video-preview":"max-video-preview:-1"},"canonical":"https:\/\/xostorebrand.com\/de\/produkt\/celine-vanity\/","og_locale":"de_DE","og_type":"article","og_title":"Celine Vanity - XO STORE BRAND \u2014 exklusive Premium-Mode","og_description":"Gr\u00f6\u00dfe: 18 x 12 x 18 cm","og_url":"https:\/\/xostorebrand.com\/de\/produkt\/celine-vanity\/","og_site_name":"XO STORE BRAND \u2014 exklusive Premium-Mode","og_image":[{"width":1440,"height":1440,"url":"https:\/\/xostorebrand.com\/wp-content\/uploads\/2025\/11\/Celine-Vanity-01.webp","type":"image\/webp"}],"twitter_card":"summary_large_image","schema":{"@context":"https:\/\/schema.org","@graph":[{"@type":"WebPage","@id":"https:\/\/xostorebrand.com\/de\/produkt\/celine-vanity\/","url":"https:\/\/xostorebrand.com\/de\/produkt\/celine-vanity\/","name":"Celine Vanity - XO STORE BRAND \u2014 exklusive Premium-Mode","isPartOf":{"@id":"https:\/\/xostorebrand.com\/de\/#website"},"primaryImageOfPage":{"@id":"https:\/\/xostorebrand.com\/de\/produkt\/celine-vanity\/#primaryimage"},"image":{"@id":"https:\/\/xostorebrand.com\/de\/produkt\/celine-vanity\/#primaryimage"},"thumbnailUrl":"https:\/\/xostorebrand.com\/wp-content\/uploads\/2025\/11\/Celine-Vanity-01.webp","datePublished":"2025-11-28T09:30:35+00:00","breadcrumb":{"@id":"https:\/\/xostorebrand.com\/de\/produkt\/celine-vanity\/#breadcrumb"},"inLanguage":"de","potentialAction":[{"@type":"ReadAction","target":["https:\/\/xostorebrand.com\/de\/produkt\/celine-vanity\/"]}]},{"@type":"ImageObject","inLanguage":"de","@id":"https:\/\/xostorebrand.com\/de\/produkt\/celine-vanity\/#primaryimage","url":"https:\/\/xostorebrand.com\/wp-content\/uploads\/2025\/11\/Celine-Vanity-01.webp","contentUrl":"https:\/\/xostorebrand.com\/wp-content\/uploads\/2025\/11\/Celine-Vanity-01.webp","width":1440,"height":1440},{"@type":"BreadcrumbList","@id":"https:\/\/xostorebrand.com\/de\/produkt\/celine-vanity\/#breadcrumb","itemListElement":[{"@type":"ListItem","position":1,"name":"Strona g\u0142\u00f3wna","item":"https:\/\/xostorebrand.com\/de\/"},{"@type":"ListItem","position":2,"name":"Gesch\u00e4ft","item":"https:\/\/xostorebrand.com\/de\/geschaeft\/"},{"@type":"ListItem","position":3,"name":"Celine Vanity"}]},{"@type":"WebSite","@id":"https:\/\/xostorebrand.com\/de\/#website","url":"https:\/\/xostorebrand.com\/de\/","name":"XO STORE BRAND \u2014 ekskluzywna moda premium","description":"","publisher":{"@id":"https:\/\/xostorebrand.com\/de\/#organization"},"alternateName":"Sklep z starannie wyselekcjonowan\u0105 odzie\u017c\u0105, obuwiem, akcesoriami i torbami od topowych \u015bwiatowych projektant\u00f3w.","potentialAction":[{"@type":"SearchAction","target":{"@type":"EntryPoint","urlTemplate":"https:\/\/xostorebrand.com\/de\/?s={search_term_string}"},"query-input":{"@type":"PropertyValueSpecification","valueRequired":true,"valueName":"search_term_string"}}],"inLanguage":"de"},{"@type":"Organization","@id":"https:\/\/xostorebrand.com\/de\/#organization","name":"XO STORE BRAND \u2014 exklusive Premium-Mode","url":"https:\/\/xostorebrand.com\/de\/","logo":{"@type":"ImageObject","inLanguage":"de","@id":"https:\/\/xostorebrand.com\/de\/#\/schema\/logo\/image\/","url":"https:\/\/xostorebrand.com\/wp-content\/uploads\/2025\/12\/IMG_3441.jpg","contentUrl":"https:\/\/xostorebrand.com\/wp-content\/uploads\/2025\/12\/IMG_3441.jpg","width":1170,"height":1169,"caption":"XO STORE BRAND \u2014 exklusive Premium-Mode"},"image":{"@id":"https:\/\/xostorebrand.com\/de\/#\/schema\/logo\/image\/"}}]}},"jetpack_sharing_enabled":true,"_links":{"self":[{"href":"https:\/\/xostorebrand.com\/de\/wp-json\/wp\/v2\/product\/24925","targetHints":{"allow":["GET"]}}],"collection":[{"href":"https:\/\/xostorebrand.com\/de\/wp-json\/wp\/v2\/product"}],"about":[{"href":"https:\/\/xostorebrand.com\/de\/wp-json\/wp\/v2\/types\/product"}],"version-history":[{"count":0,"href":"https:\/\/xostorebrand.com\/de\/wp-json\/wp\/v2\/product\/24925\/revisions"}],"wp:featuredmedia":[{"embeddable":true,"href":"https:\/\/xostorebrand.com\/de\/wp-json\/wp\/v2\/media\/24926"}],"wp:attachment":[{"href":"https:\/\/xostorebrand.com\/de\/wp-json\/wp\/v2\/media?parent=24925"}],"wp:term":[{"taxonomy":"brand","embeddable":true,"href":"https:\/\/xostorebrand.com\/de\/wp-json\/wp\/v2\/etheme_brands?post=24925"},{"taxonomy":"product_brand","embeddable":true,"href":"https:\/\/xostorebrand.com\/de\/wp-json\/wp\/v2\/product_brand?post=24925"},{"taxonomy":"product_cat","embeddable":true,"href":"https:\/\/xostorebrand.com\/de\/wp-json\/wp\/v2\/product_cat?post=24925"},{"taxonomy":"product_tag","embeddable":true,"href":"https:\/\/xostorebrand.com\/de\/wp-json\/wp\/v2\/product_tag?post=24925"}],"curies":[{"name":"wp","href":"https:\/\/api.w.org\/{rel}","templated":true}]}}