{"id":40081,"date":"2025-11-30T16:36:10","date_gmt":"2025-11-30T16:36:10","guid":{"rendered":"https:\/\/xostorebrand.com\/sklep\/unkategorisiert\/alaia-1303\/"},"modified":"2025-11-30T16:36:10","modified_gmt":"2025-11-30T16:36:10","slug":"alaia-1303","status":"publish","type":"product","link":"https:\/\/xostorebrand.com\/de\/produkt\/alaia-1303\/","title":{"rendered":"Ala\u00efa"},"content":{"rendered":"<p>Gr\u00f6\u00dfen: 35-39<\/p>\n","protected":false},"excerpt":{"rendered":"<p>Gr\u00f6\u00dfen: 35-39<\/p>\n","protected":false},"featured_media":40096,"template":"","meta":[],"etheme_brands":[{"term_id":284,"name":"Ala\u00efa","slug":"alaia","term_group":0,"term_taxonomy_id":284,"taxonomy":"brand","description":"","parent":0,"count":4,"filter":"raw"}],"product_brand":[235],"product_cat":[266,273,267],"product_tag":[],"class_list":{"0":"post-40081","1":"product","2":"type-product","3":"status-publish","4":"has-post-thumbnail","6":"brand-alaia","7":"product_brand-alaia","8":"product_cat-damen","9":"product_cat-damenschuhe-high-heels","10":"product_cat-schuhe","11":"pa_kolor-schwarz","12":"pa_kolor-beige","13":"pa_kolor-weis","14":"pa_rozmiar-140","15":"pa_rozmiar-139","16":"pa_rozmiar-138","17":"pa_rozmiar-141","18":"pa_rozmiar-142","20":"first","21":"instock","22":"purchasable","23":"product-type-variable"},"yoast_head":"<!-- This site is optimized with the Yoast SEO plugin v26.9 - https:\/\/yoast.com\/product\/yoast-seo-wordpress\/ -->\n<title>Ala\u00efa - XO STORE BRAND \u2014 exklusive Premium-Mode<\/title>\n<meta name=\"robots\" content=\"index, follow, max-snippet:-1, max-image-preview:large, max-video-preview:-1\" \/>\n<link rel=\"canonical\" href=\"https:\/\/xostorebrand.com\/de\/produkt\/alaia-1303\/\" \/>\n<meta property=\"og:locale\" content=\"de_DE\" \/>\n<meta property=\"og:type\" content=\"article\" \/>\n<meta property=\"og:title\" content=\"Ala\u00efa - XO STORE BRAND \u2014 exklusive Premium-Mode\" \/>\n<meta property=\"og:description\" content=\"Gr\u00f6\u00dfen: 35-39\" \/>\n<meta property=\"og:url\" content=\"https:\/\/xostorebrand.com\/de\/produkt\/alaia-1303\/\" \/>\n<meta property=\"og:site_name\" content=\"XO STORE BRAND \u2014 exklusive Premium-Mode\" \/>\n<meta property=\"og:image\" content=\"https:\/\/xostorebrand.com\/wp-content\/uploads\/2025\/11\/Alaia-1303-01.webp\" \/>\n\t<meta property=\"og:image:width\" content=\"750\" \/>\n\t<meta property=\"og:image:height\" content=\"1000\" \/>\n\t<meta property=\"og:image:type\" content=\"image\/webp\" \/>\n<meta name=\"twitter:card\" content=\"summary_large_image\" \/>\n<script type=\"application\/ld+json\" class=\"yoast-schema-graph\">{\"@context\":\"https:\/\/schema.org\",\"@graph\":[{\"@type\":\"WebPage\",\"@id\":\"https:\/\/xostorebrand.com\/de\/produkt\/alaia-1303\/\",\"url\":\"https:\/\/xostorebrand.com\/de\/produkt\/alaia-1303\/\",\"name\":\"Ala\u00efa - XO STORE BRAND \u2014 exklusive Premium-Mode\",\"isPartOf\":{\"@id\":\"https:\/\/xostorebrand.com\/de\/#website\"},\"primaryImageOfPage\":{\"@id\":\"https:\/\/xostorebrand.com\/de\/produkt\/alaia-1303\/#primaryimage\"},\"image\":{\"@id\":\"https:\/\/xostorebrand.com\/de\/produkt\/alaia-1303\/#primaryimage\"},\"thumbnailUrl\":\"https:\/\/xostorebrand.com\/wp-content\/uploads\/2025\/11\/Alaia-1303-01.webp\",\"datePublished\":\"2025-11-30T16:36:10+00:00\",\"breadcrumb\":{\"@id\":\"https:\/\/xostorebrand.com\/de\/produkt\/alaia-1303\/#breadcrumb\"},\"inLanguage\":\"de\",\"potentialAction\":[{\"@type\":\"ReadAction\",\"target\":[\"https:\/\/xostorebrand.com\/de\/produkt\/alaia-1303\/\"]}]},{\"@type\":\"ImageObject\",\"inLanguage\":\"de\",\"@id\":\"https:\/\/xostorebrand.com\/de\/produkt\/alaia-1303\/#primaryimage\",\"url\":\"https:\/\/xostorebrand.com\/wp-content\/uploads\/2025\/11\/Alaia-1303-01.webp\",\"contentUrl\":\"https:\/\/xostorebrand.com\/wp-content\/uploads\/2025\/11\/Alaia-1303-01.webp\",\"width\":750,\"height\":1000},{\"@type\":\"BreadcrumbList\",\"@id\":\"https:\/\/xostorebrand.com\/de\/produkt\/alaia-1303\/#breadcrumb\",\"itemListElement\":[{\"@type\":\"ListItem\",\"position\":1,\"name\":\"Strona g\u0142\u00f3wna\",\"item\":\"https:\/\/xostorebrand.com\/de\/\"},{\"@type\":\"ListItem\",\"position\":2,\"name\":\"Gesch\u00e4ft\",\"item\":\"https:\/\/xostorebrand.com\/de\/geschaeft\/\"},{\"@type\":\"ListItem\",\"position\":3,\"name\":\"Ala\u00efa\"}]},{\"@type\":\"WebSite\",\"@id\":\"https:\/\/xostorebrand.com\/de\/#website\",\"url\":\"https:\/\/xostorebrand.com\/de\/\",\"name\":\"XO STORE BRAND \u2014 ekskluzywna moda premium\",\"description\":\"\",\"publisher\":{\"@id\":\"https:\/\/xostorebrand.com\/de\/#organization\"},\"alternateName\":\"Sklep z starannie wyselekcjonowan\u0105 odzie\u017c\u0105, obuwiem, akcesoriami i torbami od topowych \u015bwiatowych projektant\u00f3w.\",\"potentialAction\":[{\"@type\":\"SearchAction\",\"target\":{\"@type\":\"EntryPoint\",\"urlTemplate\":\"https:\/\/xostorebrand.com\/de\/?s={search_term_string}\"},\"query-input\":{\"@type\":\"PropertyValueSpecification\",\"valueRequired\":true,\"valueName\":\"search_term_string\"}}],\"inLanguage\":\"de\"},{\"@type\":\"Organization\",\"@id\":\"https:\/\/xostorebrand.com\/de\/#organization\",\"name\":\"XO STORE BRAND \u2014 exklusive Premium-Mode\",\"url\":\"https:\/\/xostorebrand.com\/de\/\",\"logo\":{\"@type\":\"ImageObject\",\"inLanguage\":\"de\",\"@id\":\"https:\/\/xostorebrand.com\/de\/#\/schema\/logo\/image\/\",\"url\":\"https:\/\/xostorebrand.com\/wp-content\/uploads\/2025\/12\/IMG_3441.jpg\",\"contentUrl\":\"https:\/\/xostorebrand.com\/wp-content\/uploads\/2025\/12\/IMG_3441.jpg\",\"width\":1170,\"height\":1169,\"caption\":\"XO STORE BRAND \u2014 exklusive Premium-Mode\"},\"image\":{\"@id\":\"https:\/\/xostorebrand.com\/de\/#\/schema\/logo\/image\/\"}}]}<\/script>\n<!-- \/ Yoast SEO plugin. -->","yoast_head_json":{"title":"Ala\u00efa - XO STORE BRAND \u2014 exklusive Premium-Mode","robots":{"index":"index","follow":"follow","max-snippet":"max-snippet:-1","max-image-preview":"max-image-preview:large","max-video-preview":"max-video-preview:-1"},"canonical":"https:\/\/xostorebrand.com\/de\/produkt\/alaia-1303\/","og_locale":"de_DE","og_type":"article","og_title":"Ala\u00efa - XO STORE BRAND \u2014 exklusive Premium-Mode","og_description":"Gr\u00f6\u00dfen: 35-39","og_url":"https:\/\/xostorebrand.com\/de\/produkt\/alaia-1303\/","og_site_name":"XO STORE BRAND \u2014 exklusive Premium-Mode","og_image":[{"width":750,"height":1000,"url":"https:\/\/xostorebrand.com\/wp-content\/uploads\/2025\/11\/Alaia-1303-01.webp","type":"image\/webp"}],"twitter_card":"summary_large_image","schema":{"@context":"https:\/\/schema.org","@graph":[{"@type":"WebPage","@id":"https:\/\/xostorebrand.com\/de\/produkt\/alaia-1303\/","url":"https:\/\/xostorebrand.com\/de\/produkt\/alaia-1303\/","name":"Ala\u00efa - XO STORE BRAND \u2014 exklusive Premium-Mode","isPartOf":{"@id":"https:\/\/xostorebrand.com\/de\/#website"},"primaryImageOfPage":{"@id":"https:\/\/xostorebrand.com\/de\/produkt\/alaia-1303\/#primaryimage"},"image":{"@id":"https:\/\/xostorebrand.com\/de\/produkt\/alaia-1303\/#primaryimage"},"thumbnailUrl":"https:\/\/xostorebrand.com\/wp-content\/uploads\/2025\/11\/Alaia-1303-01.webp","datePublished":"2025-11-30T16:36:10+00:00","breadcrumb":{"@id":"https:\/\/xostorebrand.com\/de\/produkt\/alaia-1303\/#breadcrumb"},"inLanguage":"de","potentialAction":[{"@type":"ReadAction","target":["https:\/\/xostorebrand.com\/de\/produkt\/alaia-1303\/"]}]},{"@type":"ImageObject","inLanguage":"de","@id":"https:\/\/xostorebrand.com\/de\/produkt\/alaia-1303\/#primaryimage","url":"https:\/\/xostorebrand.com\/wp-content\/uploads\/2025\/11\/Alaia-1303-01.webp","contentUrl":"https:\/\/xostorebrand.com\/wp-content\/uploads\/2025\/11\/Alaia-1303-01.webp","width":750,"height":1000},{"@type":"BreadcrumbList","@id":"https:\/\/xostorebrand.com\/de\/produkt\/alaia-1303\/#breadcrumb","itemListElement":[{"@type":"ListItem","position":1,"name":"Strona g\u0142\u00f3wna","item":"https:\/\/xostorebrand.com\/de\/"},{"@type":"ListItem","position":2,"name":"Gesch\u00e4ft","item":"https:\/\/xostorebrand.com\/de\/geschaeft\/"},{"@type":"ListItem","position":3,"name":"Ala\u00efa"}]},{"@type":"WebSite","@id":"https:\/\/xostorebrand.com\/de\/#website","url":"https:\/\/xostorebrand.com\/de\/","name":"XO STORE BRAND \u2014 ekskluzywna moda premium","description":"","publisher":{"@id":"https:\/\/xostorebrand.com\/de\/#organization"},"alternateName":"Sklep z starannie wyselekcjonowan\u0105 odzie\u017c\u0105, obuwiem, akcesoriami i torbami od topowych \u015bwiatowych projektant\u00f3w.","potentialAction":[{"@type":"SearchAction","target":{"@type":"EntryPoint","urlTemplate":"https:\/\/xostorebrand.com\/de\/?s={search_term_string}"},"query-input":{"@type":"PropertyValueSpecification","valueRequired":true,"valueName":"search_term_string"}}],"inLanguage":"de"},{"@type":"Organization","@id":"https:\/\/xostorebrand.com\/de\/#organization","name":"XO STORE BRAND \u2014 exklusive Premium-Mode","url":"https:\/\/xostorebrand.com\/de\/","logo":{"@type":"ImageObject","inLanguage":"de","@id":"https:\/\/xostorebrand.com\/de\/#\/schema\/logo\/image\/","url":"https:\/\/xostorebrand.com\/wp-content\/uploads\/2025\/12\/IMG_3441.jpg","contentUrl":"https:\/\/xostorebrand.com\/wp-content\/uploads\/2025\/12\/IMG_3441.jpg","width":1170,"height":1169,"caption":"XO STORE BRAND \u2014 exklusive Premium-Mode"},"image":{"@id":"https:\/\/xostorebrand.com\/de\/#\/schema\/logo\/image\/"}}]}},"jetpack_sharing_enabled":true,"_links":{"self":[{"href":"https:\/\/xostorebrand.com\/de\/wp-json\/wp\/v2\/product\/40081","targetHints":{"allow":["GET"]}}],"collection":[{"href":"https:\/\/xostorebrand.com\/de\/wp-json\/wp\/v2\/product"}],"about":[{"href":"https:\/\/xostorebrand.com\/de\/wp-json\/wp\/v2\/types\/product"}],"version-history":[{"count":0,"href":"https:\/\/xostorebrand.com\/de\/wp-json\/wp\/v2\/product\/40081\/revisions"}],"wp:featuredmedia":[{"embeddable":true,"href":"https:\/\/xostorebrand.com\/de\/wp-json\/wp\/v2\/media\/40096"}],"wp:attachment":[{"href":"https:\/\/xostorebrand.com\/de\/wp-json\/wp\/v2\/media?parent=40081"}],"wp:term":[{"taxonomy":"brand","embeddable":true,"href":"https:\/\/xostorebrand.com\/de\/wp-json\/wp\/v2\/etheme_brands?post=40081"},{"taxonomy":"product_brand","embeddable":true,"href":"https:\/\/xostorebrand.com\/de\/wp-json\/wp\/v2\/product_brand?post=40081"},{"taxonomy":"product_cat","embeddable":true,"href":"https:\/\/xostorebrand.com\/de\/wp-json\/wp\/v2\/product_cat?post=40081"},{"taxonomy":"product_tag","embeddable":true,"href":"https:\/\/xostorebrand.com\/de\/wp-json\/wp\/v2\/product_tag?post=40081"}],"curies":[{"name":"wp","href":"https:\/\/api.w.org\/{rel}","templated":true}]}}